{"id":94,"date":"2022-06-09T13:21:28","date_gmt":"2022-06-09T13:21:28","guid":{"rendered":"http:\/\/localhost\/claritycentar\/?page_id=94"},"modified":"2022-09-19T20:53:39","modified_gmt":"2022-09-19T20:53:39","slug":"clarity-centar","status":"publish","type":"page","link":"https:\/\/claritycentar.com\/index.php\/clarity-centar\/","title":{"rendered":"Clarity Centar"},"content":{"rendered":"<p>Kroz programe edukacija, radionica i treninga, poma\u017eemo pojedincima i klijentima da postignu neophodan balans izme\u0111u profesionalnog uspjeha i osobnog zadovoljstva.<\/p>\n<p>Clarity centar je osnovan sa ciljem da ljudima dana\u0161njeg vremena pomogne da se bolje nose sa izazovima \u017eivota i rada u dinami\u010dnom i nepredvidljivom 21. stolje\u0107u. Clarity Centar je okupljen oko ideje da je kvaliteta \u017eivota kona\u010dni cilj svega \u0161to radimo i temeljna vrijednost na kojoj po\u010divaju svi osobni i profesionalni uspjesi.<\/p>\n<p>Svojim klijentima nudimo razli\u010dite programe edukacije, od treninga koji akcenat stavljaju na osobni razvoj do treninga i radionica sa fokusom na razvoj \u201csoft skillova\u02ee kod uposlenika\/uposlenica i menad\u017eera\/menad\u017eerica. Prenose\u0107i poslovna znanja i vje\u0161tine, poma\u017eemo pove\u0107ati u\u010dinak i rezultate koje postavljaju za svoje ciljeve.<\/p>\n<p>Na\u0161a je vizija biti respektabilan partner i prijatelj organizacijama i kompanijama koji svoje poslovanje temelje na \u0161irokom spektru kompetencija vlastitih usposlenika i rukovodilaca. U radu sa ljudima iz poslovnog svijeta, dr\u017eimo do eti\u010dkih na\u010dela koje nikada ne odvajamo od dimenzije profesionalnog uspjeha.<\/p>\n","protected":false},"excerpt":{"rendered":"<p>Kroz programe edukacija, radionica i treninga, poma\u017eemo pojedincima i klijentima da postignu neophodan balans izme\u0111u profesionalnog uspjeha i osobnog zadovoljstva. Clarity centar je osnovan sa ciljem da ljudima dana\u0161njeg vremena pomogne da se bolje nose sa izazovima \u017eivota i rada u dinami\u010dnom i nepredvidljivom 21. stolje\u0107u. Clarity Centar je okupljen oko ideje da je kvaliteta [&hellip;]<\/p>\n","protected":false},"author":1,"featured_media":132,"parent":0,"menu_order":0,"comment_status":"closed","ping_status":"closed","template":"","meta":{"footnotes":""},"class_list":["post-94","page","type-page","status-publish","has-post-thumbnail","hentry"],"_links":{"self":[{"href":"https:\/\/claritycentar.com\/index.php\/wp-json\/wp\/v2\/pages\/94"}],"collection":[{"href":"https:\/\/claritycentar.com\/index.php\/wp-json\/wp\/v2\/pages"}],"about":[{"href":"https:\/\/claritycentar.com\/index.php\/wp-json\/wp\/v2\/types\/page"}],"author":[{"embeddable":true,"href":"https:\/\/claritycentar.com\/index.php\/wp-json\/wp\/v2\/users\/1"}],"replies":[{"embeddable":true,"href":"https:\/\/claritycentar.com\/index.php\/wp-json\/wp\/v2\/comments?post=94"}],"version-history":[{"count":2,"href":"https:\/\/claritycentar.com\/index.php\/wp-json\/wp\/v2\/pages\/94\/revisions"}],"predecessor-version":[{"id":133,"href":"https:\/\/claritycentar.com\/index.php\/wp-json\/wp\/v2\/pages\/94\/revisions\/133"}],"wp:featuredmedia":[{"embeddable":true,"href":"https:\/\/claritycentar.com\/index.php\/wp-json\/wp\/v2\/media\/132"}],"wp:attachment":[{"href":"https:\/\/claritycentar.com\/index.php\/wp-json\/wp\/v2\/media?parent=94"}],"curies":[{"name":"wp","href":"https:\/\/api.w.org\/{rel}","templated":true}]}}